{"id":35,"date":"2020-09-08T20:16:18","date_gmt":"2020-09-08T18:16:18","guid":{"rendered":"https:\/\/pammerich.lima-city.de\/?page_id=35"},"modified":"2020-09-08T20:16:46","modified_gmt":"2020-09-08T18:16:46","slug":"digital-unterstuetztes-lernen","status":"publish","type":"page","link":"https:\/\/pammerich.lima-city.de\/?page_id=35","title":{"rendered":"Digital unterst\u00fctztes Lernen"},"content":{"rendered":"\r\n<h2>Digitales Lernen &#8211; Telelernen &#8211; Blended learning<\/h2>\r\n\r\n\r\n\r\n<p><strong>Digitales Lernen<\/strong>\u00a0hat \u00fcberraschend enorme Wichtigkeit erlangt<\/p>\r\n\r\n\r\n\r\n<p><strong>Mein Angebot<\/strong>\u00a0(auch \u00fcber die Corona Krise hinaus)<\/p>\r\n\r\n\r\n\r\n<p><strong>Lesen, Schreiben, Rechnen, Allgemeinbildung \u2026.<\/strong><\/p>\r\n\r\n\r\n\r\n<p>in Kombination :\u00a0<strong>Fernlehre, mit Pr\u00e4senzbegleitung<\/strong> <strong>wenn wieder m\u00f6glich)<\/strong><\/p>\r\n\r\n\r\n\r\n<p>&#8211; Beratung, Begleitung, f\u00fcr Kinder, Jugendliche, Schulen (SCHILF), LehrerInnen, etc&#8230;.<\/p>\r\n\r\n\r\n\r\n<p>beginnend bei Grundschulkindern (Individuell oder in Kleingruppen),<\/p>\r\n\r\n\r\n\r\n<p><strong>Hardwareberatung, Softwareberatung, Installationshilfen, E-Didaktik<\/strong><\/p>\r\n\r\n\r\n\r\n<p>(wie lernt man womit am besten ?)<\/p>\r\n\r\n\r\n\r\n<p>Softwarel\u00f6sungen: <a href=\"http:\/\/www.oriolus.de\/\">www.oriolus.de<\/a>, Liveworksheets, Sofatutor, Legastheniebetreuung, digital lesen lernen<\/p>\r\n\r\n\r\n\r\n<p>\u00a0usw. usw.<\/p>\r\n\r\n\r\n\r\n<p><strong>immer individuell abgestimmt auf die\/den Lernenden\/n<\/strong><\/p>\r\n\r\n\r\n\r\n<p><strong>Nicht nur Beratung, sondern auch immer hochqualitative Begleitung!!!<\/strong><\/p>\r\n\r\n\r\n\r\n<figure class=\"wp-block-image\"><img title=\"\" src=\"https:\/\/www.erichpammer.at\/media\/images\/elearning2.jpg\" alt=\"\" \/><\/figure>\r\n\r\n\r\n\r\n<p><strong>Kontakt<\/strong><\/p>\r\n\r\n\r\n\r\n<p><a href=\"mailto:erich.pammer@gmx.at\"><strong>erich.pammer@gmx.at<\/strong><\/a><\/p>\r\n\r\n\r\n\r\n<p><strong>06604538300 &#8211; WhatsApp<\/strong><\/p>\r\n\r\n\r\n\r\n<figure class=\"wp-block-image\"><img title=\"\" src=\"https:\/\/www.erichpammer.at\/media\/images\/elearning4.jpg\" alt=\"\" \/><\/figure>\r\n","protected":false},"excerpt":{"rendered":"<p>Digitales Lernen &#8211; Telelernen &#8211; Blended learning Digitales Lernen\u00a0hat \u00fcberraschend enorme Wichtigkeit erlangt Mein Angebot\u00a0(auch \u00fcber die Corona Krise hinaus) Lesen, Schreiben, Rechnen, Allgemeinbildung \u2026. in Kombination :\u00a0Fernlehre, mit Pr\u00e4senzbegleitung wenn wieder m\u00f6glich) &#8211; Beratung, Begleitung, f\u00fcr Kinder, Jugendliche, Schulen (SCHILF), LehrerInnen, etc&#8230;. beginnend bei Grundschulkindern (Individuell oder in Kleingruppen), Hardwareberatung, Softwareberatung, Installationshilfen, E-Didaktik (wie [&hellip;]<\/p>\n","protected":false},"author":1,"featured_media":0,"parent":0,"menu_order":0,"comment_status":"closed","ping_status":"closed","template":"","meta":[],"_links":{"self":[{"href":"https:\/\/pammerich.lima-city.de\/index.php?rest_route=\/wp\/v2\/pages\/35"}],"collection":[{"href":"https:\/\/pammerich.lima-city.de\/index.php?rest_route=\/wp\/v2\/pages"}],"about":[{"href":"https:\/\/pammerich.lima-city.de\/index.php?rest_route=\/wp\/v2\/types\/page"}],"author":[{"embeddable":true,"href":"https:\/\/pammerich.lima-city.de\/index.php?rest_route=\/wp\/v2\/users\/1"}],"replies":[{"embeddable":true,"href":"https:\/\/pammerich.lima-city.de\/index.php?rest_route=%2Fwp%2Fv2%2Fcomments&post=35"}],"version-history":[{"count":2,"href":"https:\/\/pammerich.lima-city.de\/index.php?rest_route=\/wp\/v2\/pages\/35\/revisions"}],"predecessor-version":[{"id":64,"href":"https:\/\/pammerich.lima-city.de\/index.php?rest_route=\/wp\/v2\/pages\/35\/revisions\/64"}],"wp:attachment":[{"href":"https:\/\/pammerich.lima-city.de\/index.php?rest_route=%2Fwp%2Fv2%2Fmedia&parent=35"}],"curies":[{"name":"wp","href":"https:\/\/api.w.org\/{rel}","templated":true}]}}